{"id":1688,"date":"2017-03-01T11:01:13","date_gmt":"2017-03-01T11:01:13","guid":{"rendered":"http:\/\/demo10.donbenitoonline.es?page_id=1688"},"modified":"2021-07-15T08:53:08","modified_gmt":"2021-07-15T08:53:08","slug":"contact","status":"publish","type":"page","link":"https:\/\/www.transtello.com\/en\/contact\/","title":{"rendered":"CONTACT"},"content":{"rendered":"<p><img loading=\"lazy\" decoding=\"async\" class=\"wp-image-1531 alignright\" src=\"https:\/\/www.transtello.com\/wp-content\/uploads\/2017\/02\/ttg.gif\" alt=\"\" width=\"258\" height=\"125\" \/><\/p>\n<p><span style=\"color: #000000; font-size: 120%;\"><strong>Vis\u00edtenos en:<\/strong><\/span><\/p>\n<p><span style=\"color: #000000; font-size: 120%;\">Polg.Inds. 1\u00ba de Mayo<br \/>\nC\/ Fundidores 9-11<\/span><\/p>\n<p><span style=\"color: #000000; font-size: 120%;\">C.P: 10100 Miajadas, C\u00e1ceres<\/span><\/p>\n<p><span style=\"color: #000000; font-size: 120%;\">Puede ponerse en contacto con nosotros a trav\u00e9s de:<\/span><br \/>\n<span style=\"font-size: 120%;\"><a class=\"fusion-phone-link\" href=\"tel:927347743\"><i class=\"glyphicon fa-phone fas\"><\/i> <strong>Tel\u00e9fono: 927 34 77 43<\/strong><\/a><\/span><br \/>\n<span style=\"font-size: 120%;\"><a class=\"fusion-phone-link\"><i class=\"glyphicon fa-phone fas\"><\/i> <strong>FAX: 927 16 13 70<\/strong><\/a><\/span><\/p>\n<div class=\"fusion-text\"><\/div>\n<p>&nbsp;<\/p>\n<p>&nbsp;<\/p>\n","protected":false},"excerpt":{"rendered":"<p>Vis\u00edtenos en: Polg.Inds. 1\u00ba de Mayo C\/ Fundidores 9-11 C.P: 10100 Miajadas, C\u00e1ceres Puede ponerse en contacto con nosotros a trav\u00e9s de: Tel\u00e9fono: 927 34 77 43 FAX: 927 16 13 70 &nbsp; &nbsp;<\/p>\n","protected":false},"author":1,"featured_media":0,"parent":0,"menu_order":0,"comment_status":"closed","ping_status":"closed","template":"","meta":{"footnotes":"","_links_to":"","_links_to_target":""},"class_list":["post-1688","page","type-page","status-publish","hentry"],"yoast_head":"<!-- This site is optimized with the Yoast SEO plugin v27.0 - https:\/\/yoast.com\/product\/yoast-seo-wordpress\/ -->\n<title>CONTACT - TRANSTELLO<\/title>\n<meta name=\"robots\" content=\"index, follow, max-snippet:-1, max-image-preview:large, max-video-preview:-1\" \/>\n<link rel=\"canonical\" href=\"https:\/\/www.transtello.com\/en\/contact\/\" \/>\n<meta property=\"og:locale\" content=\"en_US\" \/>\n<meta property=\"og:type\" content=\"article\" \/>\n<meta property=\"og:title\" content=\"CONTACT - TRANSTELLO\" \/>\n<meta property=\"og:description\" content=\"Vis\u00edtenos en: Polg.Inds. 1\u00ba de Mayo C\/ Fundidores 9-11 C.P: 10100 Miajadas, C\u00e1ceres Puede ponerse en contacto con nosotros a trav\u00e9s de: Tel\u00e9fono: 927 34 77 43 FAX: 927 16 13 70 &nbsp; &nbsp;\" \/>\n<meta property=\"og:url\" content=\"https:\/\/www.transtello.com\/en\/contact\/\" \/>\n<meta property=\"og:site_name\" content=\"TRANSTELLO\" \/>\n<meta property=\"article:modified_time\" content=\"2021-07-15T08:53:08+00:00\" \/>\n<meta property=\"og:image\" content=\"https:\/\/www.transtello.com\/wp-content\/uploads\/2017\/02\/ttg.gif\" \/>\n<meta name=\"twitter:card\" content=\"summary_large_image\" \/>\n<script type=\"application\/ld+json\" class=\"yoast-schema-graph\">{\"@context\":\"https:\/\/schema.org\",\"@graph\":[{\"@type\":\"WebPage\",\"@id\":\"https:\/\/www.transtello.com\/en\/contact\/\",\"url\":\"https:\/\/www.transtello.com\/en\/contact\/\",\"name\":\"CONTACT - TRANSTELLO\",\"isPartOf\":{\"@id\":\"https:\/\/www.transtello.com\/#website\"},\"primaryImageOfPage\":{\"@id\":\"https:\/\/www.transtello.com\/en\/contact\/#primaryimage\"},\"image\":{\"@id\":\"https:\/\/www.transtello.com\/en\/contact\/#primaryimage\"},\"thumbnailUrl\":\"https:\/\/www.transtello.com\/wp-content\/uploads\/2017\/02\/ttg.gif\",\"datePublished\":\"2017-03-01T11:01:13+00:00\",\"dateModified\":\"2021-07-15T08:53:08+00:00\",\"breadcrumb\":{\"@id\":\"https:\/\/www.transtello.com\/en\/contact\/#breadcrumb\"},\"inLanguage\":\"en-US\",\"potentialAction\":[{\"@type\":\"ReadAction\",\"target\":[\"https:\/\/www.transtello.com\/en\/contact\/\"]}]},{\"@type\":\"ImageObject\",\"inLanguage\":\"en-US\",\"@id\":\"https:\/\/www.transtello.com\/en\/contact\/#primaryimage\",\"url\":\"https:\/\/www.transtello.com\/wp-content\/uploads\/2017\/02\/ttg.gif\",\"contentUrl\":\"https:\/\/www.transtello.com\/wp-content\/uploads\/2017\/02\/ttg.gif\"},{\"@type\":\"BreadcrumbList\",\"@id\":\"https:\/\/www.transtello.com\/en\/contact\/#breadcrumb\",\"itemListElement\":[{\"@type\":\"ListItem\",\"position\":1,\"name\":\"Portada\",\"item\":\"https:\/\/www.transtello.com\/en\/\"},{\"@type\":\"ListItem\",\"position\":2,\"name\":\"CONTACT\"}]},{\"@type\":\"WebSite\",\"@id\":\"https:\/\/www.transtello.com\/#website\",\"url\":\"https:\/\/www.transtello.com\/\",\"name\":\"TRANSTELLO\",\"description\":\"Transporte de l\u00edquidos en cisterna\",\"potentialAction\":[{\"@type\":\"SearchAction\",\"target\":{\"@type\":\"EntryPoint\",\"urlTemplate\":\"https:\/\/www.transtello.com\/?s={search_term_string}\"},\"query-input\":{\"@type\":\"PropertyValueSpecification\",\"valueRequired\":true,\"valueName\":\"search_term_string\"}}],\"inLanguage\":\"en-US\"}]}<\/script>\n<!-- \/ Yoast SEO plugin. -->","yoast_head_json":{"title":"CONTACT - TRANSTELLO","robots":{"index":"index","follow":"follow","max-snippet":"max-snippet:-1","max-image-preview":"max-image-preview:large","max-video-preview":"max-video-preview:-1"},"canonical":"https:\/\/www.transtello.com\/en\/contact\/","og_locale":"en_US","og_type":"article","og_title":"CONTACT - TRANSTELLO","og_description":"Vis\u00edtenos en: Polg.Inds. 1\u00ba de Mayo C\/ Fundidores 9-11 C.P: 10100 Miajadas, C\u00e1ceres Puede ponerse en contacto con nosotros a trav\u00e9s de: Tel\u00e9fono: 927 34 77 43 FAX: 927 16 13 70 &nbsp; &nbsp;","og_url":"https:\/\/www.transtello.com\/en\/contact\/","og_site_name":"TRANSTELLO","article_modified_time":"2021-07-15T08:53:08+00:00","og_image":[{"url":"https:\/\/www.transtello.com\/wp-content\/uploads\/2017\/02\/ttg.gif","type":"","width":"","height":""}],"twitter_card":"summary_large_image","schema":{"@context":"https:\/\/schema.org","@graph":[{"@type":"WebPage","@id":"https:\/\/www.transtello.com\/en\/contact\/","url":"https:\/\/www.transtello.com\/en\/contact\/","name":"CONTACT - TRANSTELLO","isPartOf":{"@id":"https:\/\/www.transtello.com\/#website"},"primaryImageOfPage":{"@id":"https:\/\/www.transtello.com\/en\/contact\/#primaryimage"},"image":{"@id":"https:\/\/www.transtello.com\/en\/contact\/#primaryimage"},"thumbnailUrl":"https:\/\/www.transtello.com\/wp-content\/uploads\/2017\/02\/ttg.gif","datePublished":"2017-03-01T11:01:13+00:00","dateModified":"2021-07-15T08:53:08+00:00","breadcrumb":{"@id":"https:\/\/www.transtello.com\/en\/contact\/#breadcrumb"},"inLanguage":"en-US","potentialAction":[{"@type":"ReadAction","target":["https:\/\/www.transtello.com\/en\/contact\/"]}]},{"@type":"ImageObject","inLanguage":"en-US","@id":"https:\/\/www.transtello.com\/en\/contact\/#primaryimage","url":"https:\/\/www.transtello.com\/wp-content\/uploads\/2017\/02\/ttg.gif","contentUrl":"https:\/\/www.transtello.com\/wp-content\/uploads\/2017\/02\/ttg.gif"},{"@type":"BreadcrumbList","@id":"https:\/\/www.transtello.com\/en\/contact\/#breadcrumb","itemListElement":[{"@type":"ListItem","position":1,"name":"Portada","item":"https:\/\/www.transtello.com\/en\/"},{"@type":"ListItem","position":2,"name":"CONTACT"}]},{"@type":"WebSite","@id":"https:\/\/www.transtello.com\/#website","url":"https:\/\/www.transtello.com\/","name":"TRANSTELLO","description":"Transporte de l\u00edquidos en cisterna","potentialAction":[{"@type":"SearchAction","target":{"@type":"EntryPoint","urlTemplate":"https:\/\/www.transtello.com\/?s={search_term_string}"},"query-input":{"@type":"PropertyValueSpecification","valueRequired":true,"valueName":"search_term_string"}}],"inLanguage":"en-US"}]}},"_links":{"self":[{"href":"https:\/\/www.transtello.com\/en\/wp-json\/wp\/v2\/pages\/1688","targetHints":{"allow":["GET"]}}],"collection":[{"href":"https:\/\/www.transtello.com\/en\/wp-json\/wp\/v2\/pages"}],"about":[{"href":"https:\/\/www.transtello.com\/en\/wp-json\/wp\/v2\/types\/page"}],"author":[{"embeddable":true,"href":"https:\/\/www.transtello.com\/en\/wp-json\/wp\/v2\/users\/1"}],"replies":[{"embeddable":true,"href":"https:\/\/www.transtello.com\/en\/wp-json\/wp\/v2\/comments?post=1688"}],"version-history":[{"count":6,"href":"https:\/\/www.transtello.com\/en\/wp-json\/wp\/v2\/pages\/1688\/revisions"}],"predecessor-version":[{"id":3302,"href":"https:\/\/www.transtello.com\/en\/wp-json\/wp\/v2\/pages\/1688\/revisions\/3302"}],"wp:attachment":[{"href":"https:\/\/www.transtello.com\/en\/wp-json\/wp\/v2\/media?parent=1688"}],"curies":[{"name":"wp","href":"https:\/\/api.w.org\/{rel}","templated":true}]}}